{"id":1097,"date":"2022-10-20T16:25:31","date_gmt":"2022-10-20T16:25:31","guid":{"rendered":"https:\/\/www.bgan.es\/kitdigital\/?page_id=1097"},"modified":"2022-10-20T16:25:31","modified_gmt":"2022-10-20T16:25:31","slug":"marketplace","status":"publish","type":"page","link":"https:\/\/www.bgan.es\/kitdigital\/marketplace\/","title":{"rendered":"Marketplace"},"content":{"rendered":"<div class=\"wpb-content-wrapper\"><p>[vc_row full_width=\u00bbstretch_row\u00bb content_placement=\u00bbmiddle\u00bb css=\u00bb.vc_custom_1643910103030{margin-bottom: 0px !important;background-image: url(https:\/\/www.bgan.es\/kitdigital\/wp-content\/uploads\/2022\/02\/ecommerce-2.jpg?id=901) !important;background-position: center !important;background-repeat: no-repeat !important;background-size: cover !important;}\u00bb][vc_column css=\u00bb.vc_custom_1643970477776{padding-top: 160px !important;padding-bottom: 100px !important;}\u00bb tablet_padding_bottom=\u00bb60&#8243; mobile_padding_bottom=\u00bb40&#8243;][vc_column_text el_class=\u00bbcustom-text\u00bb]<\/p>\n<div class=\"title-xlarge\" style=\"text-align: center;\"><span style=\"color: #ffffff;\">Marketplace<\/span><\/div>\n<p>[\/vc_column_text][vc_column_text css=\u00bb.vc_custom_1666283084181{margin-bottom: 10px !important;}\u00bb]<\/p>\n<div class=\"title-h1\" style=\"text-align: center; font-size: 24px; line-height: 26px;\"><span style=\"color: #3e3e3e; background-color: #fbe84b;\">\u00a0precio servicio DESDE 1.600 \u20ac\u00a0<\/span><\/div>\n<p>[\/vc_column_text][vc_column_text css=\u00bb.vc_custom_1645096292236{margin-bottom: 10px !important;}\u00bb]<\/p>\n<div class=\"title-h1\" style=\"text-align: center; font-size: 24px; line-height: 26px;\"><span style=\"color: #ffffff; background-color: #e73f57;\">\u00a0Bono Kit Digital hasta 2.000 \u20ac\u00a0<\/span><\/div>\n<p>[\/vc_column_text]<div class=\"clearboth\"><\/div><style>#thegem-divider-6a055b395c43d {margin-top: 57px !important;}<\/style><div id=\"thegem-divider-6a055b395c43d\" class=\"gem-divider  \" style=\"\" ><\/div><style type=\"text\/css\">.thegem-button-6a055b395c4c62110 .gem-button svg {fill: #00bcd4;}.thegem-button-6a055b395c4c62110 .gem-button:hover svg {fill: #212433;}<\/style><div class=\"gem-button-container gem-button-position-center thegem-button-6a055b395c4c62110    \"  ><a class=\"gem-button gem-button-size-medium gem-button-style-outline gem-button-text-weight-normal gem-button-border-3\" data-ll-effect=\"drop-right-without-wrap\" style=\"border-radius: 3px;border-color: #00bcd4;color: #00bcd4;\" onmouseleave=\"this.style.borderColor='#00bcd4';this.style.backgroundColor='transparent';this.style.color='#00bcd4';\" onmouseenter=\"this.style.backgroundColor='#00bcd4';this.style.color='#212433';\" href=\"#objetivo\" target=\"_self\">Saber m\u00e1s<\/a><\/div> [\/vc_column][\/vc_row][vc_row full_width=\u00bbstretch_row\u00bb content_placement=\u00bbmiddle\u00bb css=\u00bb.vc_custom_1643962584911{margin-bottom: 0px !important;background-color: #ffffff !important;background-position: center !important;background-repeat: no-repeat !important;background-size: cover !important;}\u00bb][vc_column css=\u00bb.vc_custom_1643962592545{padding-top: 50px !important;padding-bottom: 50px !important;}\u00bb][vc_single_image image=\u00bb889&#8243; img_size=\u00bbfull\u00bb][\/vc_column][\/vc_row][vc_row full_width=\u00bbstretch_row\u00bb content_placement=\u00bbmiddle\u00bb css=\u00bb.vc_custom_1643970520795{margin-bottom: 0px !important;padding-top: 80px !important;padding-bottom: 120px !important;background-image: url(https:\/\/www.bgan.es\/kitdigital\/wp-content\/uploads\/2022\/02\/online-shopping.jpg?id=904) !important;background-position: center !important;background-repeat: no-repeat !important;background-size: cover !important;}\u00bb el_id=\u00bbobjetivo\u00bb tablet_padding_top=\u00bb60&#8243; tablet_padding_bottom=\u00bb60&#8243; mobile_padding_top=\u00bb40&#8243; mobile_padding_bottom=\u00bb40&#8243;][vc_column offset=\u00bbvc_col-md-6&#8243;][vc_column_text]<\/p>\n<div class=\"title-xlarge\"><span class=\"light\" style=\"color: #ffffff;\">Objetivo<\/span><\/div>\n<p>[\/vc_column_text][vc_column_text]<\/p>\n<h4><span style=\"color: #ffffff;\">El objetivo principal de esta categor\u00eda es ayudarte a dirigir tus referencias y productos para incrementar tu nivel de ventas, optimizando los recursos existentes, eligiendo los canales de distribuci\u00f3n adecuados y adaptando tus referencias y productos a las necesidades externas.<\/span><\/h4>\n<p>[\/vc_column_text]<div class=\"clearboth\"><\/div><style>#thegem-divider-6a055b395c4f3 {margin-top: 10px !important;}<\/style><div id=\"thegem-divider-6a055b395c4f3\" class=\"gem-divider  \" style=\"\" ><\/div><style type=\"text\/css\">.thegem-button-6a055b395c537302 .gem-button svg {fill: #ffffff;}.thegem-button-6a055b395c537302 .gem-button:hover svg {fill: #000000;}<\/style><div class=\"gem-button-container gem-button-position-inline thegem-button-6a055b395c537302    \"  ><a class=\"gem-button gem-button-size-medium gem-button-style-flat gem-button-text-weight-normal\" data-ll-effect=\"drop-right-without-wrap\" style=\"border-radius: 3px;background-color: #000000;color: #ffffff;\" onmouseleave=\"this.style.backgroundColor='#000000';this.style.color='#ffffff';\" onmouseenter=\"this.style.backgroundColor='#ffffff';this.style.color='#000000';\" href=\"#contacto\" target=\"_self\">!Me interesa!<\/a><\/div> <style type=\"text\/css\">.thegem-button-6a055b395c5929180 .gem-button svg {fill: #000000;}.thegem-button-6a055b395c5929180 .gem-button:hover svg {fill: #ffffff;}<\/style><div class=\"gem-button-container gem-button-position-inline thegem-button-6a055b395c5929180    \"  ><a class=\"gem-button gem-button-size-medium gem-button-style-outline gem-button-text-weight-normal gem-button-border-2\" data-ll-effect=\"drop-right-without-wrap\" style=\"border-radius: 3px;border-color: #000000;color: #000000;\" onmouseleave=\"this.style.borderColor='#000000';this.style.backgroundColor='transparent';this.style.color='#000000';\" onmouseenter=\"this.style.backgroundColor='#000000';this.style.color='#ffffff';\" href=\"#servicios\" target=\"_self\">Servicios incluidos<\/a><\/div> [\/vc_column][\/vc_row][vc_row full_width=\u00bbstretch_row\u00bb content_placement=\u00bbmiddle\u00bb el_id=\u00bbservicios\u00bb css=\u00bb.vc_custom_1643970923337{margin-bottom: 0px !important;}\u00bb][vc_column]<div id=\"fullwidth-block-6a055b395c738\" class=\"fullwidth-block fullwidth-block-parallax-vertical clearfix\" data-mobile-parallax-enable=\"0\" style=\"padding-top: 120px;padding-bottom: 20px;\"><script type=\"text\/javascript\">if (typeof(gem_fix_fullwidth_position) == \"function\") { gem_fix_fullwidth_position(document.getElementById(\"fullwidth-block-6a055b395c738\")); }<\/script><div class=\"fullwidth-block-background\" style=\"background-image: url(https:\/\/www.bgan.es\/kitdigital\/wp-content\/uploads\/2022\/02\/servicios-ecommerce.jpg);background-repeat: no-repeat; background-size: cover;background-position: center center;\"><\/div><div class=\"fullwidth-block-inner\"><div class=\"container\">[vc_column_text css=\u00bb.vc_custom_1643962861074{margin-bottom: 30px !important;}\u00bb]<\/p>\n<h2 style=\"text-align: center;\"><span style=\"color: #ffffff;\">Funcionalidades y servicios inclu\u00eddos<\/span><\/h2>\n<p>[\/vc_column_text]<div class=\"quickfinder quickfinder-style-default row inline-row quickfinder-icon-position-top quickfinder-alignment-center quickfinder-title-bold\"><div id=\"post-1089\" data-ll-finish-delay=\"200\" class=\"quickfinder-item inline-column col-md-3 col-xs-6 quickfinder-item-effect-background-reverse icon-size-medium lazy-loading post-1089 thegem_qf_item type-thegem_qf_item status-publish\" data-ll-item-delay=\"0\"> <div class=\"quickfinder-item-inner\"> <div class=\"quickfinder-item-image\"> <div class=\"quickfinder-item-image-content lazy-loading-item\" data-ll-item-delay=\"0\" data-ll-effect=\"clip\"> <div class=\"quickfinder-item-image-wrapper\"> <div class=\"gem-icon gem-icon-pack-material gem-icon-size-medium gem-icon-shape-circle\" style=\"border-color: #ffffff;opacity: 1;\"><div class=\"gem-icon-inner\" style=\"background-color: #ffffff;\"><span class=\"gem-icon-half-1\" style=\"color: #393939;\"><span class=\"back-angle\">&#xf21f;<\/span><\/span><span class=\"gem-icon-half-2\" style=\"color: #393939;\"><span class=\"back-angle\">&#xf21f;<\/span><\/span><\/div><\/div> <\/div> <\/div> <\/div> <div class=\"quickfinder-item-info-wrapper\"> <div class=\"quickfinder-item-info lazy-loading-item\" data-ll-item-delay=\"200\" data-ll-effect=\"fading\"> <div class=\"quickfinder-item-title\" style=\"color: #ffffff;\">Estudio previo de alternativas y alta en la plataforma<\/div> <div class=\"quickfinder-item-text\" style=\"color: #ffffff;\">La soluci\u00f3n incluye la apertura de cuenta y alta de tu perfil, por tu cuenta, en, al menos, una plataforma de Marketplace y en, al menos, un pa\u00eds.<\/div> <\/div> <\/div> <\/div> <\/div> <div id=\"post-1090\" data-ll-finish-delay=\"200\" class=\"quickfinder-item inline-column col-md-3 col-xs-6 quickfinder-item-effect-background-reverse icon-size-medium lazy-loading post-1090 thegem_qf_item type-thegem_qf_item status-publish\" data-ll-item-delay=\"0\"> <div class=\"quickfinder-item-inner\"> <div class=\"quickfinder-item-image\"> <div class=\"quickfinder-item-image-content lazy-loading-item\" data-ll-item-delay=\"0\" data-ll-effect=\"clip\"> <div class=\"quickfinder-item-image-wrapper\"> <div class=\"gem-icon gem-icon-pack-material gem-icon-size-medium gem-icon-shape-circle\" style=\"border-color: #ffffff;opacity: 1;\"><div class=\"gem-icon-inner\" style=\"background-color: #ffffff;\"><span class=\"gem-icon-half-1\" style=\"color: #393939;\"><span class=\"back-angle\">&#xf3de;<\/span><\/span><span class=\"gem-icon-half-2\" style=\"color: #393939;\"><span class=\"back-angle\">&#xf3de;<\/span><\/span><\/div><\/div> <\/div> <\/div> <\/div> <div class=\"quickfinder-item-info-wrapper\"> <div class=\"quickfinder-item-info lazy-loading-item\" data-ll-item-delay=\"200\" data-ll-effect=\"fading\"> <div class=\"quickfinder-item-title\" style=\"color: #ffffff;\">An\u00e1lisis de la competencia<\/div> <div class=\"quickfinder-item-text\" style=\"color: #ffffff;\">La soluci\u00f3n incluye la realizaci\u00f3n de una investigaci\u00f3n de mercado focalizada en las caracter\u00edsticas de tus competidores para mejorar tu proceso de toma de decisiones y ayudarte a alcanzar una posici\u00f3n competitiva.<\/div> <\/div> <\/div> <\/div> <\/div> <div id=\"post-1091\" data-ll-finish-delay=\"200\" class=\"quickfinder-item inline-column col-md-3 col-xs-6 quickfinder-item-effect-background-reverse icon-size-medium lazy-loading post-1091 thegem_qf_item type-thegem_qf_item status-publish\" data-ll-item-delay=\"0\"> <div class=\"quickfinder-item-inner\"> <div class=\"quickfinder-item-image\"> <div class=\"quickfinder-item-image-content lazy-loading-item\" data-ll-item-delay=\"0\" data-ll-effect=\"clip\"> <div class=\"quickfinder-item-image-wrapper\"> <div class=\"gem-icon gem-icon-pack-material gem-icon-size-medium gem-icon-shape-circle\" style=\"border-color: #ffffff;opacity: 1;\"><div class=\"gem-icon-inner\" style=\"background-color: #ffffff;\"><span class=\"gem-icon-half-1\" style=\"color: #393939;\"><span class=\"back-angle\">&#xf1fa;<\/span><\/span><span class=\"gem-icon-half-2\" style=\"color: #393939;\"><span class=\"back-angle\">&#xf1fa;<\/span><\/span><\/div><\/div> <\/div> <\/div> <\/div> <div class=\"quickfinder-item-info-wrapper\"> <div class=\"quickfinder-item-info lazy-loading-item\" data-ll-item-delay=\"200\" data-ll-effect=\"fading\"> <div class=\"quickfinder-item-title\" style=\"color: #ffffff;\">Dise\u00f1o y definici\u00f3n de la estrategia de negocio<\/div> <div class=\"quickfinder-item-text\" style=\"color: #ffffff;\">La soluci\u00f3n incluye la generaci\u00f3n de la estrategia de negocio para lograr la consecuci\u00f3n de los objetivos deseados orientando los recursos disponibles hacia dicha finalidad.<\/div> <\/div> <\/div> <\/div> <\/div> <div id=\"post-1092\" data-ll-finish-delay=\"200\" class=\"quickfinder-item inline-column col-md-3 col-xs-6 quickfinder-item-effect-background-reverse icon-size-medium lazy-loading post-1092 thegem_qf_item type-thegem_qf_item status-publish\" data-ll-item-delay=\"0\"> <div class=\"quickfinder-item-inner\"> <div class=\"quickfinder-item-image\"> <div class=\"quickfinder-item-image-content lazy-loading-item\" data-ll-item-delay=\"0\" data-ll-effect=\"clip\"> <div class=\"quickfinder-item-image-wrapper\"> <div class=\"gem-icon gem-icon-pack-material gem-icon-size-medium gem-icon-shape-circle\" style=\"border-color: #ffffff;opacity: 1;\"><div class=\"gem-icon-inner\" style=\"background-color: #ffffff;\"><span class=\"gem-icon-half-1\" style=\"color: #393939;\"><span class=\"back-angle\">&#xf130;<\/span><\/span><span class=\"gem-icon-half-2\" style=\"color: #393939;\"><span class=\"back-angle\">&#xf130;<\/span><\/span><\/div><\/div> <\/div> <\/div> <\/div> <div class=\"quickfinder-item-info-wrapper\"> <div class=\"quickfinder-item-info lazy-loading-item\" data-ll-item-delay=\"200\" data-ll-effect=\"fading\"> <div class=\"quickfinder-item-title\" style=\"color: #ffffff;\">Producci\u00f3n del cat\u00e1logo de referencias<\/div> <div class=\"quickfinder-item-text\" style=\"color: #ffffff;\">An\u00e1lisis de las categor\u00edas a comercializar para seleccionar, al menos, diez productos alineados con la estrategia de negocio, salvo que no dispongas de este n\u00famero, en cuyo caso podr\u00e1 ser menor.<\/div> <\/div> <\/div> <\/div> <\/div> <div id=\"post-1093\" data-ll-finish-delay=\"200\" class=\"quickfinder-item inline-column col-md-3 col-xs-6 quickfinder-item-effect-background-reverse icon-size-medium lazy-loading post-1093 thegem_qf_item type-thegem_qf_item status-publish\" data-ll-item-delay=\"0\"> <div class=\"quickfinder-item-inner\"> <div class=\"quickfinder-item-image\"> <div class=\"quickfinder-item-image-content lazy-loading-item\" data-ll-item-delay=\"0\" data-ll-effect=\"clip\"> <div class=\"quickfinder-item-image-wrapper\"> <div class=\"gem-icon gem-icon-pack-material gem-icon-size-medium gem-icon-shape-circle\" style=\"border-color: #ffffff;opacity: 1;\"><div class=\"gem-icon-inner\" style=\"background-color: #ffffff;\"><span class=\"gem-icon-half-1\" style=\"color: #393939;\"><span class=\"back-angle\">&#xf157;<\/span><\/span><span class=\"gem-icon-half-2\" style=\"color: #393939;\"><span class=\"back-angle\">&#xf157;<\/span><\/span><\/div><\/div> <\/div> <\/div> <\/div> <div class=\"quickfinder-item-info-wrapper\"> <div class=\"quickfinder-item-info lazy-loading-item\" data-ll-item-delay=\"200\" data-ll-effect=\"fading\"> <div class=\"quickfinder-item-title\" style=\"color: #ffffff;\">Creaci\u00f3n del contenido del listing<\/div> <div class=\"quickfinder-item-text\" style=\"color: #ffffff;\">Definici\u00f3n de, al menos, diez descripciones del cat\u00e1logo de referencias, salvo que no dispongas de este n\u00famero, en cuyo caso podr\u00e1 ser menor.<\/div> <\/div> <\/div> <\/div> <\/div> <div id=\"post-1094\" data-ll-finish-delay=\"200\" class=\"quickfinder-item inline-column col-md-3 col-xs-6 quickfinder-item-effect-background-reverse icon-size-medium lazy-loading post-1094 thegem_qf_item type-thegem_qf_item status-publish\" data-ll-item-delay=\"0\"> <div class=\"quickfinder-item-inner\"> <div class=\"quickfinder-item-image\"> <div class=\"quickfinder-item-image-content lazy-loading-item\" data-ll-item-delay=\"0\" data-ll-effect=\"clip\"> <div class=\"quickfinder-item-image-wrapper\"> <div class=\"gem-icon gem-icon-pack-material gem-icon-size-medium gem-icon-shape-circle\" style=\"border-color: #ffffff;opacity: 1;\"><div class=\"gem-icon-inner\" style=\"background-color: #ffffff;\"><span class=\"gem-icon-half-1\" style=\"color: #393939;\"><span class=\"back-angle\">&#xf15f;<\/span><\/span><span class=\"gem-icon-half-2\" style=\"color: #393939;\"><span class=\"back-angle\">&#xf15f;<\/span><\/span><\/div><\/div> <\/div> <\/div> <\/div> <div class=\"quickfinder-item-info-wrapper\"> <div class=\"quickfinder-item-info lazy-loading-item\" data-ll-item-delay=\"200\" data-ll-effect=\"fading\"> <div class=\"quickfinder-item-title\" style=\"color: #ffffff;\">Alta de referencias<\/div> <div class=\"quickfinder-item-text\" style=\"color: #ffffff;\">Carga de, al menos, diez referencias, y sus respectivas descripciones y fotograf\u00edas, en la plataforma, salvo que no dispongas de este n\u00famero, en cuyo caso podr\u00e1 ser menor, acompa\u00f1ada por la descripci\u00f3n y fotograf\u00eda individual de cada producto.<\/div> <\/div> <\/div> <\/div> <\/div> <\/div><\/div><\/div><\/div>[\/vc_column][\/vc_row][vc_row full_width=\u00bbstretch_row_content\u00bb content_placement=\u00bbmiddle\u00bb css=\u00bb.vc_custom_1643970542420{margin-bottom: 0px !important;background: #1d202d url(https:\/\/www.bgan.es\/kitdigital\/wp-content\/uploads\/2022\/01\/contacto.jpg?id=743) !important;background-position: center !important;background-repeat: no-repeat !important;background-size: cover !important;}\u00bb custom_css_code=\u00bbJTQwbWVkaWElMjAlMjhtYXgtd2lkdGglM0ElMjA3NjdweCUyOSUyMCU3QiUwQSUyMCUyMCUyMCUyMCU0MGlkJTIwJTdCJTBBJTIwJTIwJTIwJTIwJTIwJTIwJTIwJTIwYmFja2dyb3VuZC1pbWFnZSUzQSUyMHVybCUyOGh0dHBzJTNBJTJGJTJGd3d3LmJnYW4uZXMlMkZraXRkaWdpdGFsJTJGd3AtY29udGVudCUyRnVwbG9hZHMlMkYyMDIyJTJGMDIlMkZjb250YWN0by1zbWFsbC5qcGclMjklMjAlMjFpbXBvcnRhbnQlM0IlMEElMjAlMjAlMjAlMjAlN0QlMEElN0Q=\u00bb el_id=\u00bbcontacto\u00bb][vc_column width=\u00bb1\/2&#8243; offset=\u00bbvc_col-lg-6&#8243; css=\u00bb.vc_custom_1644518888124{padding-top: 100px !important;padding-right: 100px !important;padding-bottom: 100px !important;padding-left: 100px !important;}\u00bb tablet_padding_top=\u00bb50&#8243; tablet_padding_bottom=\u00bb50&#8243; tablet_padding_left=\u00bb50&#8243; tablet_padding_right=\u00bb50&#8243; mobile_padding_top=\u00bb40&#8243; mobile_padding_bottom=\u00bb40&#8243; mobile_padding_left=\u00bb40&#8243; mobile_padding_right=\u00bb40&#8243;][vc_column_text css=\u00bb.vc_custom_1644518919584{margin-bottom: 0px !important;}\u00bb]<\/p>\n<h2><span style=\"color: #ffffff;\">\u00bfTe interesa este servicio?<\/span><\/h2>\n<p>[\/vc_column_text][vc_column_text]<\/p>\n<div class=\"styled-subtitle\"><span style=\"color: #ffffff;\">Ponte en contacto con nosotros\u00a0y te informaremos<\/span><\/div>\n<p>[\/vc_column_text][\/vc_column][vc_column width=\u00bb1\/2&#8243; css=\u00bb.vc_custom_1644518865884{padding-top: 70px !important;padding-right: 70px !important;padding-bottom: 70px !important;padding-left: 70px !important;background-color: #ebdd69 !important;}\u00bb offset=\u00bbvc_col-lg-6&#8243; tablet_padding_top=\u00bb50&#8243; tablet_padding_bottom=\u00bb50&#8243; tablet_padding_left=\u00bb50&#8243; tablet_padding_right=\u00bb50&#8243; mobile_padding_top=\u00bb40&#8243; mobile_padding_bottom=\u00bb40&#8243; mobile_padding_left=\u00bb40&#8243; mobile_padding_right=\u00bb40&#8243;][vc_raw_html]JTNDZGl2JTIwY2xhc3MlM0QlMjJfZm9ybV81MyUyMiUzRSUzQyUyRmRpdiUzRSUzQ3NjcmlwdCUyMHNyYyUzRCUyMmh0dHBzJTNBJTJGJTJGYmdhbi1sYWIuYWN0aXZlaG9zdGVkLmNvbSUyRmYlMkZlbWJlZC5waHAlM0ZpZCUzRDUzJTIyJTIwdHlwZSUzRCUyMnRleHQlMkZqYXZhc2NyaXB0JTIyJTIwY2hhcnNldCUzRCUyMnV0Zi04JTIyJTNFJTNDJTJGc2NyaXB0JTNF[\/vc_raw_html][\/vc_column][\/vc_row]<\/p>\n<\/div>","protected":false},"excerpt":{"rendered":"<p>[vc_row full_width=\u00bbstretch_row\u00bb content_placement=\u00bbmiddle\u00bb css=\u00bb.vc_custom_1643910103030{margin-bottom: 0px !important;background-image: url(https:\/\/www.bgan.es\/kitdigital\/wp-content\/uploads\/2022\/02\/ecommerce-2.jpg?id=901) !important;background-position: center !important;background-repeat: no-repeat !important;background-size: cover !important;}\u00bb][vc_column css=\u00bb.vc_custom_1643970477776{padding-top: 160px !important;padding-bottom: 100px !important;}\u00bb tablet_padding_bottom=\u00bb60&#8243;&#8230;<\/p>\n","protected":false},"author":2,"featured_media":0,"parent":0,"menu_order":0,"comment_status":"closed","ping_status":"closed","template":"","meta":{"footnotes":""},"class_list":["post-1097","page","type-page","status-publish"],"yoast_head":"<!-- This site is optimized with the Yoast SEO plugin v27.5 - https:\/\/yoast.com\/product\/yoast-seo-wordpress\/ -->\n<title>Marketplace - Kit Digital Bgan<\/title>\n<meta name=\"robots\" content=\"index, follow, max-snippet:-1, max-image-preview:large, max-video-preview:-1\" \/>\n<link rel=\"canonical\" href=\"https:\/\/www.bgan.es\/kitdigital\/marketplace\/\" \/>\n<meta property=\"og:locale\" content=\"es_ES\" \/>\n<meta property=\"og:type\" content=\"article\" \/>\n<meta property=\"og:title\" content=\"Marketplace - Kit Digital Bgan\" \/>\n<meta property=\"og:description\" content=\"[vc_row full_width=\u00bbstretch_row\u00bb content_placement=\u00bbmiddle\u00bb css=\u00bb.vc_custom_1643910103030{margin-bottom: 0px !important;background-image: url(https:\/\/www.bgan.es\/kitdigital\/wp-content\/uploads\/2022\/02\/ecommerce-2.jpg?id=901) !important;background-position: center !important;background-repeat: no-repeat !important;background-size: cover !important;}\u00bb][vc_column css=\u00bb.vc_custom_1643970477776{padding-top: 160px !important;padding-bottom: 100px !important;}\u00bb tablet_padding_bottom=\u00bb60&#8243;...\" \/>\n<meta property=\"og:url\" content=\"https:\/\/www.bgan.es\/kitdigital\/marketplace\/\" \/>\n<meta property=\"og:site_name\" content=\"Kit Digital Bgan\" \/>\n<meta name=\"twitter:card\" content=\"summary_large_image\" \/>\n<meta name=\"twitter:label1\" content=\"Tiempo de lectura\" \/>\n\t<meta name=\"twitter:data1\" content=\"2 minutos\" \/>\n<script type=\"application\/ld+json\" class=\"yoast-schema-graph\">{\"@context\":\"https:\\\/\\\/schema.org\",\"@graph\":[{\"@type\":\"WebPage\",\"@id\":\"https:\\\/\\\/www.bgan.es\\\/kitdigital\\\/marketplace\\\/\",\"url\":\"https:\\\/\\\/www.bgan.es\\\/kitdigital\\\/marketplace\\\/\",\"name\":\"Marketplace - Kit Digital Bgan\",\"isPartOf\":{\"@id\":\"https:\\\/\\\/www.bgan.es\\\/kitdigital\\\/#website\"},\"datePublished\":\"2022-10-20T16:25:31+00:00\",\"breadcrumb\":{\"@id\":\"https:\\\/\\\/www.bgan.es\\\/kitdigital\\\/marketplace\\\/#breadcrumb\"},\"inLanguage\":\"es\",\"potentialAction\":[{\"@type\":\"ReadAction\",\"target\":[\"https:\\\/\\\/www.bgan.es\\\/kitdigital\\\/marketplace\\\/\"]}]},{\"@type\":\"BreadcrumbList\",\"@id\":\"https:\\\/\\\/www.bgan.es\\\/kitdigital\\\/marketplace\\\/#breadcrumb\",\"itemListElement\":[{\"@type\":\"ListItem\",\"position\":1,\"name\":\"Portada\",\"item\":\"https:\\\/\\\/www.bgan.es\\\/kitdigital\\\/\"},{\"@type\":\"ListItem\",\"position\":2,\"name\":\"Marketplace\"}]},{\"@type\":\"WebSite\",\"@id\":\"https:\\\/\\\/www.bgan.es\\\/kitdigital\\\/#website\",\"url\":\"https:\\\/\\\/www.bgan.es\\\/kitdigital\\\/\",\"name\":\"Kit Digital Bgan\",\"description\":\"Otro sitio realizado con WordPress\",\"potentialAction\":[{\"@type\":\"SearchAction\",\"target\":{\"@type\":\"EntryPoint\",\"urlTemplate\":\"https:\\\/\\\/www.bgan.es\\\/kitdigital\\\/?s={search_term_string}\"},\"query-input\":{\"@type\":\"PropertyValueSpecification\",\"valueRequired\":true,\"valueName\":\"search_term_string\"}}],\"inLanguage\":\"es\"}]}<\/script>\n<!-- \/ Yoast SEO plugin. -->","yoast_head_json":{"title":"Marketplace - Kit Digital Bgan","robots":{"index":"index","follow":"follow","max-snippet":"max-snippet:-1","max-image-preview":"max-image-preview:large","max-video-preview":"max-video-preview:-1"},"canonical":"https:\/\/www.bgan.es\/kitdigital\/marketplace\/","og_locale":"es_ES","og_type":"article","og_title":"Marketplace - Kit Digital Bgan","og_description":"[vc_row full_width=\u00bbstretch_row\u00bb content_placement=\u00bbmiddle\u00bb css=\u00bb.vc_custom_1643910103030{margin-bottom: 0px !important;background-image: url(https:\/\/www.bgan.es\/kitdigital\/wp-content\/uploads\/2022\/02\/ecommerce-2.jpg?id=901) !important;background-position: center !important;background-repeat: no-repeat !important;background-size: cover !important;}\u00bb][vc_column css=\u00bb.vc_custom_1643970477776{padding-top: 160px !important;padding-bottom: 100px !important;}\u00bb tablet_padding_bottom=\u00bb60&#8243;...","og_url":"https:\/\/www.bgan.es\/kitdigital\/marketplace\/","og_site_name":"Kit Digital Bgan","twitter_card":"summary_large_image","twitter_misc":{"Tiempo de lectura":"2 minutos"},"schema":{"@context":"https:\/\/schema.org","@graph":[{"@type":"WebPage","@id":"https:\/\/www.bgan.es\/kitdigital\/marketplace\/","url":"https:\/\/www.bgan.es\/kitdigital\/marketplace\/","name":"Marketplace - Kit Digital Bgan","isPartOf":{"@id":"https:\/\/www.bgan.es\/kitdigital\/#website"},"datePublished":"2022-10-20T16:25:31+00:00","breadcrumb":{"@id":"https:\/\/www.bgan.es\/kitdigital\/marketplace\/#breadcrumb"},"inLanguage":"es","potentialAction":[{"@type":"ReadAction","target":["https:\/\/www.bgan.es\/kitdigital\/marketplace\/"]}]},{"@type":"BreadcrumbList","@id":"https:\/\/www.bgan.es\/kitdigital\/marketplace\/#breadcrumb","itemListElement":[{"@type":"ListItem","position":1,"name":"Portada","item":"https:\/\/www.bgan.es\/kitdigital\/"},{"@type":"ListItem","position":2,"name":"Marketplace"}]},{"@type":"WebSite","@id":"https:\/\/www.bgan.es\/kitdigital\/#website","url":"https:\/\/www.bgan.es\/kitdigital\/","name":"Kit Digital Bgan","description":"Otro sitio realizado con WordPress","potentialAction":[{"@type":"SearchAction","target":{"@type":"EntryPoint","urlTemplate":"https:\/\/www.bgan.es\/kitdigital\/?s={search_term_string}"},"query-input":{"@type":"PropertyValueSpecification","valueRequired":true,"valueName":"search_term_string"}}],"inLanguage":"es"}]}},"_links":{"self":[{"href":"https:\/\/www.bgan.es\/kitdigital\/wp-json\/wp\/v2\/pages\/1097","targetHints":{"allow":["GET"]}}],"collection":[{"href":"https:\/\/www.bgan.es\/kitdigital\/wp-json\/wp\/v2\/pages"}],"about":[{"href":"https:\/\/www.bgan.es\/kitdigital\/wp-json\/wp\/v2\/types\/page"}],"author":[{"embeddable":true,"href":"https:\/\/www.bgan.es\/kitdigital\/wp-json\/wp\/v2\/users\/2"}],"replies":[{"embeddable":true,"href":"https:\/\/www.bgan.es\/kitdigital\/wp-json\/wp\/v2\/comments?post=1097"}],"version-history":[{"count":1,"href":"https:\/\/www.bgan.es\/kitdigital\/wp-json\/wp\/v2\/pages\/1097\/revisions"}],"predecessor-version":[{"id":1098,"href":"https:\/\/www.bgan.es\/kitdigital\/wp-json\/wp\/v2\/pages\/1097\/revisions\/1098"}],"wp:attachment":[{"href":"https:\/\/www.bgan.es\/kitdigital\/wp-json\/wp\/v2\/media?parent=1097"}],"curies":[{"name":"wp","href":"https:\/\/api.w.org\/{rel}","templated":true}]}}