{"id":921,"date":"2022-02-04T08:14:42","date_gmt":"2022-02-04T08:14:42","guid":{"rendered":"https:\/\/www.bgan.es\/kitdigital\/?page_id=921"},"modified":"2022-02-17T11:13:26","modified_gmt":"2022-02-17T11:13:26","slug":"rrss","status":"publish","type":"page","link":"https:\/\/www.bgan.es\/kitdigital\/rrss\/","title":{"rendered":"GESTI\u00d3N DE REDES SOCIALES"},"content":{"rendered":"<div class=\"wpb-content-wrapper\"><p>[vc_row full_width=\u00bbstretch_row\u00bb content_placement=\u00bbmiddle\u00bb css=\u00bb.vc_custom_1643971903454{margin-bottom: 0px !important;background-image: url(https:\/\/www.bgan.es\/kitdigital\/wp-content\/uploads\/2022\/02\/rrss.jpg?id=916) !important;background-position: center !important;background-repeat: no-repeat !important;background-size: cover !important;}\u00bb][vc_column tablet_padding_bottom=\u00bb60&#8243; mobile_padding_bottom=\u00bb40&#8243; css=\u00bb.vc_custom_1643971924385{padding-top: 160px !important;padding-bottom: 160px !important;}\u00bb][vc_column_text el_class=\u00bbcustom-text\u00bb]<\/p>\n<div class=\"title-xlarge\" style=\"text-align: center;\"><span class=\"light\" style=\"color: #ffffff;\">GESTI\u00d3N DE<\/span><br \/>\n<span style=\"color: #ffffff;\">REDES SOCIALES<\/span><\/div>\n<p>[\/vc_column_text][vc_column_text css=\u00bb.vc_custom_1645096350778{margin-bottom: 10px !important;}\u00bb]<\/p>\n<div class=\"title-h1\" style=\"text-align: center; font-size: 24px; line-height: 26px;\"><span style=\"color: #3e3e3e; background-color: #fbe84b;\">\u00a0precio servicio DESDE 600 \u20ac\u00a0<\/span><\/div>\n<p>[\/vc_column_text][vc_column_text]<\/p>\n<div class=\"title-h1\" style=\"text-align: center; font-size: 24px; line-height: 26px;\"><span style=\"color: #ffffff; background-color: #e73f57;\">\u00a0Bono Kit digital hasta 2.500 \u20ac\u00a0<\/span><\/div>\n<p>[\/vc_column_text]<div class=\"clearboth\"><\/div><style>#thegem-divider-6a055e25756c5 {margin-top: 57px !important;}<\/style><div id=\"thegem-divider-6a055e25756c5\" class=\"gem-divider  \" style=\"\" ><\/div><style type=\"text\/css\">.thegem-button-6a055e25757462358 .gem-button svg {fill: #00bcd4;}.thegem-button-6a055e25757462358 .gem-button:hover svg {fill: #212433;}<\/style><div class=\"gem-button-container gem-button-position-center thegem-button-6a055e25757462358    \"  ><a class=\"gem-button gem-button-size-medium gem-button-style-outline gem-button-text-weight-normal gem-button-border-3\" data-ll-effect=\"drop-right-without-wrap\" style=\"border-radius: 3px;border-color: #00bcd4;color: #00bcd4;\" onmouseleave=\"this.style.borderColor='#00bcd4';this.style.backgroundColor='transparent';this.style.color='#00bcd4';\" onmouseenter=\"this.style.backgroundColor='#00bcd4';this.style.color='#212433';\" href=\"#objetivo\" target=\"_self\">Saber m\u00e1s<\/a><\/div> [\/vc_column][\/vc_row][vc_row full_width=\u00bbstretch_row\u00bb content_placement=\u00bbmiddle\u00bb css=\u00bb.vc_custom_1643964677693{margin-bottom: 0px !important;background-position: center !important;background-repeat: no-repeat !important;background-size: cover !important;}\u00bb][vc_column css=\u00bb.vc_custom_1643964671671{padding-top: 50px !important;padding-bottom: 50px !important;}\u00bb][vc_single_image image=\u00bb889&#8243; img_size=\u00bbfull\u00bb][\/vc_column][\/vc_row][vc_row full_width=\u00bbstretch_row\u00bb content_placement=\u00bbmiddle\u00bb css=\u00bb.vc_custom_1643971731112{margin-bottom: 0px !important;padding-top: 80px !important;padding-bottom: 120px !important;background-image: url(https:\/\/www.bgan.es\/kitdigital\/wp-content\/uploads\/2022\/01\/rrss01-2.jpg?id=811) !important;background-position: center !important;background-repeat: no-repeat !important;background-size: cover !important;}\u00bb el_id=\u00bbobjetivo\u00bb tablet_padding_top=\u00bb60&#8243; tablet_padding_bottom=\u00bb60&#8243; mobile_padding_top=\u00bb40&#8243; mobile_padding_bottom=\u00bb40&#8243;][vc_column offset=\u00bbvc_col-lg-6 vc_col-md-8&#8243;][vc_column_text]<\/p>\n<div class=\"title-xlarge\"><span class=\"light\" style=\"color: #ffffff;\">Objetivo<\/span><\/div>\n<p>[\/vc_column_text][vc_column_text]<\/p>\n<h4><span style=\"color: #000000;\">Promocionar a las empresas beneficiarias en redes sociales.<\/span><\/h4>\n<p>[\/vc_column_text]<div class=\"clearboth\"><\/div><style>#thegem-divider-6a055e2575775 {margin-top: 10px !important;}<\/style><div id=\"thegem-divider-6a055e2575775\" class=\"gem-divider  \" style=\"\" ><\/div><style type=\"text\/css\">.thegem-button-6a055e25757c24036 .gem-button svg {fill: #ffffff;}.thegem-button-6a055e25757c24036 .gem-button:hover svg {fill: #000000;}<\/style><div class=\"gem-button-container gem-button-position-inline thegem-button-6a055e25757c24036    \"  ><a class=\"gem-button gem-button-size-medium gem-button-style-flat gem-button-text-weight-normal\" data-ll-effect=\"drop-right-without-wrap\" style=\"border-radius: 3px;background-color: #000000;color: #ffffff;\" onmouseleave=\"this.style.backgroundColor='#000000';this.style.color='#ffffff';\" onmouseenter=\"this.style.backgroundColor='#ffffff';this.style.color='#000000';\" href=\"#contacto\" target=\"_self\">!Me interesa!<\/a><\/div> <style type=\"text\/css\">.thegem-button-6a055e25758115264 .gem-button svg {fill: #000000;}.thegem-button-6a055e25758115264 .gem-button:hover svg {fill: #ffffff;}<\/style><div class=\"gem-button-container gem-button-position-inline thegem-button-6a055e25758115264    \"  ><a class=\"gem-button gem-button-size-medium gem-button-style-outline gem-button-text-weight-normal gem-button-border-2\" data-ll-effect=\"drop-right-without-wrap\" style=\"border-radius: 3px;border-color: #000000;color: #000000;\" onmouseleave=\"this.style.borderColor='#000000';this.style.backgroundColor='transparent';this.style.color='#000000';\" onmouseenter=\"this.style.backgroundColor='#000000';this.style.color='#ffffff';\" href=\"#servicios\" target=\"_self\">Servicios incluidos<\/a><\/div> [\/vc_column][\/vc_row][vc_row full_width=\u00bbstretch_row_content\u00bb css=\u00bb.vc_custom_1643913709165{margin-bottom: 0px !important;background-position: center !important;background-repeat: no-repeat !important;background-size: cover !important;}\u00bb custom_css_code=\u00bbJTQwbWVkaWElMjhtYXgtd2lkdGglM0ElMjAxMTk5cHglMjklMjAlN0IlMEElMEElMjAlMjAlMjAlMjAuZ2VtLWltYWdlLmdlbS13cmFwYm94JTdCJTBBJTIwJTIwJTIwJTIwJTIwJTIwJTIwJTIwbWFyZ2luLWJvdHRvbSUzQSUyMDAlM0IlMEElMjAlMjAlMjAlMjAlN0QlMEElMjAlMjAlMjAlMjAud3BiX3JvdyUyMCUzRSUyMCUyQSUyQyUwQSUyMCUyMCUyMCUyMC53cGJfcm93JTIwJTdCJTBBJTIwJTIwJTIwJTIwJTIwJTIwJTIwJTIwbWFyZ2luLXRvcCUzQSUyMDAlMEElMjAlMjAlMjAlMjAlN0QlMEElN0QlMEElNDBtZWRpYSUyOG1heC13aWR0aCUzQSUyMDc2N3B4JTI5JTIwJTdCJTBBJTIwJTIwJTIwJTIwLnRpdGxlLWgyJTdCJTBBJTIwJTIwJTIwJTIwJTIwJTIwJTIwJTIwZm9udC1zaXplJTNBJTIwMzJweCUzQiUwQSUyMCUyMCUyMCUyMCUyMCUyMCUyMCUyMGxpbmUtaGVpZ2h0JTNBJTIwNDZweCUzQiUwQSUyMCUyMCUyMCUyMCU3RCUwQSUyMCUyMCUyMCUyMC5zdHlsZWQtc3VidGl0bGUlMjAlN0IlMEElMjAlMjAlMjAlMjAlMjAlMjAlMjAlMjBmb250LXNpemUlM0ElMjAyMHB4JTNCJTBBJTIwJTIwJTIwJTIwJTIwJTIwJTIwJTIwbGluZS1oZWlnaHQlM0ElMjAzMHB4JTNCJTBBJTIwJTIwJTIwJTIwJTdEJTBBJTdEJTBB\u00bb el_id=\u00bbservicios\u00bb][vc_column css=\u00bb.vc_custom_1643913468065{padding-top: 0px !important;padding-bottom: 0px !important;}\u00bb]<div id=\"fullwidth-block-6a055e25759f0\" class=\"fullwidth-block fullwidth-block-parallax-vertical clearfix\" data-mobile-parallax-enable=\"0\" style=\"padding-top: 120px;padding-bottom: 20px;\"><script type=\"text\/javascript\">if (typeof(gem_fix_fullwidth_position) == \"function\") { gem_fix_fullwidth_position(document.getElementById(\"fullwidth-block-6a055e25759f0\")); }<\/script><div class=\"fullwidth-block-background\" style=\"background-image: url(https:\/\/www.bgan.es\/kitdigital\/wp-content\/uploads\/2022\/02\/servicios-rrss-1.jpg);background-repeat: no-repeat; background-size: cover;background-position: center top;\"><\/div><div class=\"fullwidth-block-inner\"><div class=\"container\">[vc_column_text css=\u00bb.vc_custom_1643965022550{margin-bottom: 30px !important;}\u00bb]<\/p>\n<h2 style=\"text-align: center;\"><span style=\"color: #ffffff;\">Funcionalidades y servicios inclu\u00eddos<\/span><\/h2>\n<p>[\/vc_column_text]<div class=\"quickfinder quickfinder-style-iconed row inline-row quickfinder-icon-position-top quickfinder-alignment-center quickfinder-title-bold\"><div id=\"post-967\" data-ll-finish-delay=\"200\" class=\"quickfinder-item inline-column col-md-4 col-sm-6 col-xs-12 quickfinder-item-effect-background-reverse icon-size-medium quickfinder-box-style-solid lazy-loading post-967 thegem_qf_item type-thegem_qf_item status-publish\" data-ll-item-delay=\"0\"> <div class=\"quickfinder-item-box\" style=\"\"> <div class=\"quickfinder-item-inner\"> <div class=\"quickfinder-item-image\"> <div class=\"quickfinder-item-image-content lazy-loading-item\" data-ll-item-delay=\"0\" data-ll-effect=\"clip\"> <div class=\"quickfinder-item-image-wrapper\"> <div class=\"gem-icon gem-icon-pack-material gem-icon-size-medium gem-icon-shape-circle\" style=\"border-color: #ffffff;opacity: 1;\"><div class=\"gem-icon-inner\" style=\"background-color: #ffffff;\"><span class=\"gem-icon-half-1\" style=\"color: #393939;\"><span class=\"back-angle\">&#xf3ea;<\/span><\/span><span class=\"gem-icon-half-2\" style=\"color: #393939;\"><span class=\"back-angle\">&#xf3ea;<\/span><\/span><\/div><\/div> <\/div> <\/div> <\/div> <div class=\"quickfinder-item-info-wrapper\"> <div class=\"quickfinder-item-info lazy-loading-item\" data-ll-item-delay=\"200\" data-ll-effect=\"fading\"> <div class=\"quickfinder-item-title\" style=\"color: #ffffff;\">Social Media Plan<\/div> <div class=\"quickfinder-item-text\" style=\"color: #ffffff;\">Definici\u00f3n e implementaci\u00f3n de una estrategia de redes sociales alineada con la misi\u00f3n y visi\u00f3n de la empresa, que sea relevante y conecte con los potenciales clientes, y fidelice a aquellos usuarios que ya lo sean.<\/div> <\/div> <\/div> <\/div> <\/div> <\/div> <div id=\"post-968\" data-ll-finish-delay=\"200\" class=\"quickfinder-item inline-column col-md-4 col-sm-6 col-xs-12 quickfinder-item-effect-background-reverse icon-size-medium quickfinder-box-style-solid lazy-loading post-968 thegem_qf_item type-thegem_qf_item status-publish\" data-ll-item-delay=\"0\"> <div class=\"quickfinder-item-box\" style=\"\"> <div class=\"quickfinder-item-inner\"> <div class=\"quickfinder-item-image\"> <div class=\"quickfinder-item-image-content lazy-loading-item\" data-ll-item-delay=\"0\" data-ll-effect=\"clip\"> <div class=\"quickfinder-item-image-wrapper\"> <div class=\"gem-icon gem-icon-pack-material gem-icon-size-medium gem-icon-shape-circle\" style=\"border-color: #ffffff;opacity: 1;\"><div class=\"gem-icon-inner\" style=\"background-color: #ffffff;\"><span class=\"gem-icon-half-1\" style=\"color: #393939;\"><span class=\"back-angle\">&#xf3de;<\/span><\/span><span class=\"gem-icon-half-2\" style=\"color: #393939;\"><span class=\"back-angle\">&#xf3de;<\/span><\/span><\/div><\/div> <\/div> <\/div> <\/div> <div class=\"quickfinder-item-info-wrapper\"> <div class=\"quickfinder-item-info lazy-loading-item\" data-ll-item-delay=\"200\" data-ll-effect=\"fading\"> <div class=\"quickfinder-item-title\" style=\"color: #ffffff;\">Monitorizaci\u00f3n de redes sociales<\/div> <div class=\"quickfinder-item-text\" style=\"color: #ffffff;\">Monitorizaci\u00f3n y control peri\u00f3dico a trav\u00e9s de m\u00e9tricas de referencia del impacto de las acciones, para cuantificar los resultados y comprobar si se est\u00e1n cumpliendo los objetivos marcados en la estrategia.<\/div> <\/div> <\/div> <\/div> <\/div> <\/div> <div id=\"post-969\" data-ll-finish-delay=\"200\" class=\"quickfinder-item inline-column col-md-4 col-sm-6 col-xs-12 quickfinder-item-effect-background-reverse icon-size-medium quickfinder-box-style-solid lazy-loading post-969 thegem_qf_item type-thegem_qf_item status-publish\" data-ll-item-delay=\"0\"> <div class=\"quickfinder-item-box\" style=\"\"> <div class=\"quickfinder-item-inner\"> <div class=\"quickfinder-item-image\"> <div class=\"quickfinder-item-image-content lazy-loading-item\" data-ll-item-delay=\"0\" data-ll-effect=\"clip\"> <div class=\"quickfinder-item-image-wrapper\"> <div class=\"gem-icon gem-icon-pack-material gem-icon-size-medium gem-icon-shape-circle\" style=\"border-color: #ffffff;opacity: 1;\"><div class=\"gem-icon-inner\" style=\"background-color: #ffffff;\"><span class=\"gem-icon-half-1\" style=\"color: #393939;\"><span class=\"back-angle\">&#xf1f9;<\/span><\/span><span class=\"gem-icon-half-2\" style=\"color: #393939;\"><span class=\"back-angle\">&#xf1f9;<\/span><\/span><\/div><\/div> <\/div> <\/div> <\/div> <div class=\"quickfinder-item-info-wrapper\"> <div class=\"quickfinder-item-info lazy-loading-item\" data-ll-item-delay=\"200\" data-ll-effect=\"fading\"> <div class=\"quickfinder-item-title\" style=\"color: #ffffff;\">Optimizaci\u00f3n de la red\/Auditor\u00eda Social Media<\/div> <div class=\"quickfinder-item-text\" style=\"color: #ffffff;\">An\u00e1lisis de los diferentes canales sociales para poder optimizar el rendimiento.<\/div> <\/div> <\/div> <\/div> <\/div> <\/div> <div id=\"post-970\" data-ll-finish-delay=\"200\" class=\"quickfinder-item inline-column col-md-4 col-sm-6 col-xs-12 quickfinder-item-effect-background-reverse icon-size-medium quickfinder-box-style-solid lazy-loading post-970 thegem_qf_item type-thegem_qf_item status-publish\" data-ll-item-delay=\"0\"> <div class=\"quickfinder-item-box\" style=\"\"> <div class=\"quickfinder-item-inner\"> <div class=\"quickfinder-item-image\"> <div class=\"quickfinder-item-image-content lazy-loading-item\" data-ll-item-delay=\"0\" data-ll-effect=\"clip\"> <div class=\"quickfinder-item-image-wrapper\"> <div class=\"gem-icon gem-icon-pack-material gem-icon-size-medium gem-icon-shape-circle\" style=\"border-color: #ffffff;opacity: 1;\"><div class=\"gem-icon-inner\" style=\"background-color: #ffffff;\"><span class=\"gem-icon-half-1\" style=\"color: #393939;\"><span class=\"back-angle\">&#xf427;<\/span><\/span><span class=\"gem-icon-half-2\" style=\"color: #393939;\"><span class=\"back-angle\">&#xf427;<\/span><\/span><\/div><\/div> <\/div> <\/div> <\/div> <div class=\"quickfinder-item-info-wrapper\"> <div class=\"quickfinder-item-info lazy-loading-item\" data-ll-item-delay=\"200\" data-ll-effect=\"fading\"> <div class=\"quickfinder-item-title\" style=\"color: #ffffff;\">Gesti\u00f3n de una red social<\/div> <div class=\"quickfinder-item-text\" style=\"color: #ffffff;\">Administraci\u00f3n del perfil\/usuario de la pyme en, al menos, una red social.<\/div> <\/div> <\/div> <\/div> <\/div> <\/div> <div id=\"post-971\" data-ll-finish-delay=\"200\" class=\"quickfinder-item inline-column col-md-4 col-sm-6 col-xs-12 quickfinder-item-effect-background-reverse icon-size-medium quickfinder-box-style-solid lazy-loading post-971 thegem_qf_item type-thegem_qf_item status-publish\" data-ll-item-delay=\"0\"> <div class=\"quickfinder-item-box\" style=\"\"> <div class=\"quickfinder-item-inner\"> <div class=\"quickfinder-item-image\"> <div class=\"quickfinder-item-image-content lazy-loading-item\" data-ll-item-delay=\"0\" data-ll-effect=\"clip\"> <div class=\"quickfinder-item-image-wrapper\"> <div class=\"gem-icon gem-icon-pack-material gem-icon-size-medium gem-icon-shape-circle\" style=\"border-color: #ffffff;opacity: 1;\"><div class=\"gem-icon-inner\" style=\"background-color: #ffffff;\"><span class=\"gem-icon-half-1\" style=\"color: #393939;\"><span class=\"back-angle\">&#xf123;<\/span><\/span><span class=\"gem-icon-half-2\" style=\"color: #393939;\"><span class=\"back-angle\">&#xf123;<\/span><\/span><\/div><\/div> <\/div> <\/div> <\/div> <div class=\"quickfinder-item-info-wrapper\"> <div class=\"quickfinder-item-info lazy-loading-item\" data-ll-item-delay=\"200\" data-ll-effect=\"fading\"> <div class=\"quickfinder-item-title\" style=\"color: #ffffff;\">Publicaci\u00f3n de posts semanales<\/div> <div class=\"quickfinder-item-text\" style=\"color: #ffffff;\">Publicaci\u00f3n de un m\u00ednimo de 4-8 entradas (posts) mensuales.<\/div> <\/div> <\/div> <\/div> <\/div> <\/div> <\/div><\/div><\/div><\/div>[\/vc_column][\/vc_row][vc_row full_width=\u00bbstretch_row_content\u00bb content_placement=\u00bbmiddle\u00bb css=\u00bb.vc_custom_1643971761701{margin-bottom: 0px !important;background: #1d202d url(https:\/\/www.bgan.es\/kitdigital\/wp-content\/uploads\/2022\/01\/contacto.jpg?id=743) !important;background-position: center !important;background-repeat: no-repeat !important;background-size: cover !important;}\u00bb custom_css_code=\u00bbJTQwbWVkaWElMjAlMjhtYXgtd2lkdGglM0ElMjA3NjdweCUyOSUyMCU3QiUwQSUyMCUyMCUyMCUyMCU0MGlkJTIwJTdCJTBBJTIwJTIwJTIwJTIwJTIwJTIwJTIwJTIwYmFja2dyb3VuZC1pbWFnZSUzQSUyMHVybCUyOGh0dHBzJTNBJTJGJTJGd3d3LmJnYW4uZXMlMkZraXRkaWdpdGFsJTJGd3AtY29udGVudCUyRnVwbG9hZHMlMkYyMDIyJTJGMDIlMkZjb250YWN0by1zbWFsbC5qcGclMjklMjAlMjFpbXBvcnRhbnQlM0IlMEElMjAlMjAlMjAlMjAlN0QlMEElN0Q=\u00bb el_id=\u00bbcontacto\u00bb][vc_column width=\u00bb1\/2&#8243; offset=\u00bbvc_col-lg-6&#8243; css=\u00bb.vc_custom_1644518986939{padding-top: 100px !important;padding-right: 100px !important;padding-bottom: 100px !important;padding-left: 100px !important;}\u00bb tablet_padding_top=\u00bb50&#8243; tablet_padding_bottom=\u00bb50&#8243; tablet_padding_left=\u00bb50&#8243; tablet_padding_right=\u00bb50&#8243; mobile_padding_top=\u00bb40&#8243; mobile_padding_bottom=\u00bb40&#8243; mobile_padding_left=\u00bb40&#8243; mobile_padding_right=\u00bb40&#8243;][vc_column_text css=\u00bb.vc_custom_1644518978528{margin-bottom: 0px !important;}\u00bb]<\/p>\n<h2><span style=\"color: #ffffff;\">\u00bfTe interesa este servicio?<\/span><\/h2>\n<p>[\/vc_column_text][vc_column_text]<\/p>\n<div class=\"styled-subtitle\"><span style=\"color: #ffffff;\">Ponte en contacto con nosotros\u00a0y te informaremos<\/span><\/div>\n<p>[\/vc_column_text][\/vc_column][vc_column width=\u00bb1\/2&#8243; css=\u00bb.vc_custom_1644519004678{padding-top: 70px !important;padding-right: 70px !important;padding-bottom: 70px !important;padding-left: 70px !important;background-color: #ebdd69 !important;}\u00bb offset=\u00bbvc_col-lg-6&#8243; tablet_padding_top=\u00bb50&#8243; tablet_padding_bottom=\u00bb50&#8243; tablet_padding_left=\u00bb50&#8243; tablet_padding_right=\u00bb50&#8243; mobile_padding_top=\u00bb40&#8243; mobile_padding_bottom=\u00bb40&#8243; mobile_padding_left=\u00bb40&#8243; mobile_padding_right=\u00bb40&#8243;][vc_raw_html]JTNDZGl2JTIwY2xhc3MlM0QlMjJfZm9ybV81MyUyMiUzRSUzQyUyRmRpdiUzRSUzQ3NjcmlwdCUyMHNyYyUzRCUyMmh0dHBzJTNBJTJGJTJGYmdhbi1sYWIuYWN0aXZlaG9zdGVkLmNvbSUyRmYlMkZlbWJlZC5waHAlM0ZpZCUzRDUzJTIyJTIwdHlwZSUzRCUyMnRleHQlMkZqYXZhc2NyaXB0JTIyJTIwY2hhcnNldCUzRCUyMnV0Zi04JTIyJTNFJTNDJTJGc2NyaXB0JTNF[\/vc_raw_html][\/vc_column][\/vc_row]<\/p>\n<\/div>","protected":false},"excerpt":{"rendered":"<p>[vc_row full_width=\u00bbstretch_row\u00bb content_placement=\u00bbmiddle\u00bb css=\u00bb.vc_custom_1643971903454{margin-bottom: 0px !important;background-image: url(https:\/\/www.bgan.es\/kitdigital\/wp-content\/uploads\/2022\/02\/rrss.jpg?id=916) !important;background-position: center !important;background-repeat: no-repeat !important;background-size: cover !important;}\u00bb][vc_column tablet_padding_bottom=\u00bb60&#8243; mobile_padding_bottom=\u00bb40&#8243; css=\u00bb.vc_custom_1643971924385{padding-top: 160px !important;padding-bottom: 160px&#8230;<\/p>\n","protected":false},"author":2,"featured_media":0,"parent":0,"menu_order":0,"comment_status":"closed","ping_status":"closed","template":"","meta":{"footnotes":""},"class_list":["post-921","page","type-page","status-publish"],"yoast_head":"<!-- This site is optimized with the Yoast SEO plugin v27.5 - https:\/\/yoast.com\/product\/yoast-seo-wordpress\/ -->\n<title>GESTI\u00d3N DE REDES SOCIALES - Kit Digital Bgan<\/title>\n<meta name=\"robots\" content=\"index, follow, max-snippet:-1, max-image-preview:large, max-video-preview:-1\" \/>\n<link rel=\"canonical\" href=\"https:\/\/www.bgan.es\/kitdigital\/rrss\/\" \/>\n<meta property=\"og:locale\" content=\"es_ES\" \/>\n<meta property=\"og:type\" content=\"article\" \/>\n<meta property=\"og:title\" content=\"GESTI\u00d3N DE REDES SOCIALES - Kit Digital Bgan\" \/>\n<meta property=\"og:description\" content=\"[vc_row full_width=\u00bbstretch_row\u00bb content_placement=\u00bbmiddle\u00bb css=\u00bb.vc_custom_1643971903454{margin-bottom: 0px !important;background-image: url(https:\/\/www.bgan.es\/kitdigital\/wp-content\/uploads\/2022\/02\/rrss.jpg?id=916) !important;background-position: center !important;background-repeat: no-repeat !important;background-size: cover !important;}\u00bb][vc_column tablet_padding_bottom=\u00bb60&#8243; mobile_padding_bottom=\u00bb40&#8243; css=\u00bb.vc_custom_1643971924385{padding-top: 160px !important;padding-bottom: 160px...\" \/>\n<meta property=\"og:url\" content=\"https:\/\/www.bgan.es\/kitdigital\/rrss\/\" \/>\n<meta property=\"og:site_name\" content=\"Kit Digital Bgan\" \/>\n<meta property=\"article:modified_time\" content=\"2022-02-17T11:13:26+00:00\" \/>\n<meta name=\"twitter:card\" content=\"summary_large_image\" \/>\n<meta name=\"twitter:label1\" content=\"Tiempo de lectura\" \/>\n\t<meta name=\"twitter:data1\" content=\"2 minutos\" \/>\n<script type=\"application\/ld+json\" class=\"yoast-schema-graph\">{\"@context\":\"https:\\\/\\\/schema.org\",\"@graph\":[{\"@type\":\"WebPage\",\"@id\":\"https:\\\/\\\/www.bgan.es\\\/kitdigital\\\/rrss\\\/\",\"url\":\"https:\\\/\\\/www.bgan.es\\\/kitdigital\\\/rrss\\\/\",\"name\":\"GESTI\u00d3N DE REDES SOCIALES - Kit Digital Bgan\",\"isPartOf\":{\"@id\":\"https:\\\/\\\/www.bgan.es\\\/kitdigital\\\/#website\"},\"datePublished\":\"2022-02-04T08:14:42+00:00\",\"dateModified\":\"2022-02-17T11:13:26+00:00\",\"breadcrumb\":{\"@id\":\"https:\\\/\\\/www.bgan.es\\\/kitdigital\\\/rrss\\\/#breadcrumb\"},\"inLanguage\":\"es\",\"potentialAction\":[{\"@type\":\"ReadAction\",\"target\":[\"https:\\\/\\\/www.bgan.es\\\/kitdigital\\\/rrss\\\/\"]}]},{\"@type\":\"BreadcrumbList\",\"@id\":\"https:\\\/\\\/www.bgan.es\\\/kitdigital\\\/rrss\\\/#breadcrumb\",\"itemListElement\":[{\"@type\":\"ListItem\",\"position\":1,\"name\":\"Portada\",\"item\":\"https:\\\/\\\/www.bgan.es\\\/kitdigital\\\/\"},{\"@type\":\"ListItem\",\"position\":2,\"name\":\"GESTI\u00d3N DE REDES SOCIALES\"}]},{\"@type\":\"WebSite\",\"@id\":\"https:\\\/\\\/www.bgan.es\\\/kitdigital\\\/#website\",\"url\":\"https:\\\/\\\/www.bgan.es\\\/kitdigital\\\/\",\"name\":\"Kit Digital Bgan\",\"description\":\"Otro sitio realizado con WordPress\",\"potentialAction\":[{\"@type\":\"SearchAction\",\"target\":{\"@type\":\"EntryPoint\",\"urlTemplate\":\"https:\\\/\\\/www.bgan.es\\\/kitdigital\\\/?s={search_term_string}\"},\"query-input\":{\"@type\":\"PropertyValueSpecification\",\"valueRequired\":true,\"valueName\":\"search_term_string\"}}],\"inLanguage\":\"es\"}]}<\/script>\n<!-- \/ Yoast SEO plugin. -->","yoast_head_json":{"title":"GESTI\u00d3N DE REDES SOCIALES - Kit Digital Bgan","robots":{"index":"index","follow":"follow","max-snippet":"max-snippet:-1","max-image-preview":"max-image-preview:large","max-video-preview":"max-video-preview:-1"},"canonical":"https:\/\/www.bgan.es\/kitdigital\/rrss\/","og_locale":"es_ES","og_type":"article","og_title":"GESTI\u00d3N DE REDES SOCIALES - Kit Digital Bgan","og_description":"[vc_row full_width=\u00bbstretch_row\u00bb content_placement=\u00bbmiddle\u00bb css=\u00bb.vc_custom_1643971903454{margin-bottom: 0px !important;background-image: url(https:\/\/www.bgan.es\/kitdigital\/wp-content\/uploads\/2022\/02\/rrss.jpg?id=916) !important;background-position: center !important;background-repeat: no-repeat !important;background-size: cover !important;}\u00bb][vc_column tablet_padding_bottom=\u00bb60&#8243; mobile_padding_bottom=\u00bb40&#8243; css=\u00bb.vc_custom_1643971924385{padding-top: 160px !important;padding-bottom: 160px...","og_url":"https:\/\/www.bgan.es\/kitdigital\/rrss\/","og_site_name":"Kit Digital Bgan","article_modified_time":"2022-02-17T11:13:26+00:00","twitter_card":"summary_large_image","twitter_misc":{"Tiempo de lectura":"2 minutos"},"schema":{"@context":"https:\/\/schema.org","@graph":[{"@type":"WebPage","@id":"https:\/\/www.bgan.es\/kitdigital\/rrss\/","url":"https:\/\/www.bgan.es\/kitdigital\/rrss\/","name":"GESTI\u00d3N DE REDES SOCIALES - Kit Digital Bgan","isPartOf":{"@id":"https:\/\/www.bgan.es\/kitdigital\/#website"},"datePublished":"2022-02-04T08:14:42+00:00","dateModified":"2022-02-17T11:13:26+00:00","breadcrumb":{"@id":"https:\/\/www.bgan.es\/kitdigital\/rrss\/#breadcrumb"},"inLanguage":"es","potentialAction":[{"@type":"ReadAction","target":["https:\/\/www.bgan.es\/kitdigital\/rrss\/"]}]},{"@type":"BreadcrumbList","@id":"https:\/\/www.bgan.es\/kitdigital\/rrss\/#breadcrumb","itemListElement":[{"@type":"ListItem","position":1,"name":"Portada","item":"https:\/\/www.bgan.es\/kitdigital\/"},{"@type":"ListItem","position":2,"name":"GESTI\u00d3N DE REDES SOCIALES"}]},{"@type":"WebSite","@id":"https:\/\/www.bgan.es\/kitdigital\/#website","url":"https:\/\/www.bgan.es\/kitdigital\/","name":"Kit Digital Bgan","description":"Otro sitio realizado con WordPress","potentialAction":[{"@type":"SearchAction","target":{"@type":"EntryPoint","urlTemplate":"https:\/\/www.bgan.es\/kitdigital\/?s={search_term_string}"},"query-input":{"@type":"PropertyValueSpecification","valueRequired":true,"valueName":"search_term_string"}}],"inLanguage":"es"}]}},"_links":{"self":[{"href":"https:\/\/www.bgan.es\/kitdigital\/wp-json\/wp\/v2\/pages\/921","targetHints":{"allow":["GET"]}}],"collection":[{"href":"https:\/\/www.bgan.es\/kitdigital\/wp-json\/wp\/v2\/pages"}],"about":[{"href":"https:\/\/www.bgan.es\/kitdigital\/wp-json\/wp\/v2\/types\/page"}],"author":[{"embeddable":true,"href":"https:\/\/www.bgan.es\/kitdigital\/wp-json\/wp\/v2\/users\/2"}],"replies":[{"embeddable":true,"href":"https:\/\/www.bgan.es\/kitdigital\/wp-json\/wp\/v2\/comments?post=921"}],"version-history":[{"count":10,"href":"https:\/\/www.bgan.es\/kitdigital\/wp-json\/wp\/v2\/pages\/921\/revisions"}],"predecessor-version":[{"id":1058,"href":"https:\/\/www.bgan.es\/kitdigital\/wp-json\/wp\/v2\/pages\/921\/revisions\/1058"}],"wp:attachment":[{"href":"https:\/\/www.bgan.es\/kitdigital\/wp-json\/wp\/v2\/media?parent=921"}],"curies":[{"name":"wp","href":"https:\/\/api.w.org\/{rel}","templated":true}]}}